{"id":14,"date":"2023-10-31T13:47:37","date_gmt":"2023-10-31T13:47:37","guid":{"rendered":"https:\/\/obe.uek.krakow.pl\/?page_id=14"},"modified":"2023-12-18T20:59:38","modified_gmt":"2023-12-18T20:59:38","slug":"misja","status":"publish","type":"page","link":"https:\/\/obe.uek.krakow.pl\/en\/misja\/","title":{"rendered":"Mission"},"content":{"rendered":"<p>Od 2004 r. Uniwersytet Ekonomiczny w Krakowie dzi\u0119ki staraniom prof. dr hab. Stanis\u0142awa Miklaszewskiego (1947-2011) jest posiadaczem archiwali\u00f3w Ruchu Europejskiego. Zbiory przekazano do Biblioteki, powo\u0142uj\u0105c przy dzia\u0142aj\u0105cym tam Centrum Dokumentacji Europejskiej O\u015brodek Bada\u0144 Europejskich im. J\u00f3zefa Retingera. Profesorowi powierzono funkcj\u0119 Pe\u0142nomocnika ds. tego o\u015brodka&#8221;.O\u015brodek Bada\u0144 Europejskich im. J\u00f3zefa Retingera powo\u0142any jest w celu prowadzenia bada\u0144 nad procesem integracji europejskiej oraz rozpowszechniania wiedzy w tym zakresie.<\/p>\n\n\n\n<p>OBE's responsibilities include<br>1) To study and promote the idea of European integration from the point of view of political, economic and social concepts through:<\/p>\n\n\n\n<p>(a) scientific research<br>(b) analysis of European thought (theoretical and practical aspects),<br>(c) analysis of the course of European integration,<br>(d) organizing seminars and scientific conferences,<br>(e) acquisition of archival records and collection of collections,<br>(f) development of documentation on European issues,<\/p>\n\n\n\n<p>2) to disseminate knowledge and information about the goals, objectives and directions of European integration by providing access to the developed collections,<br>3) studying the economic development of Central and Eastern European countries,<br>4) cooperation with centers of European thought and organizations with similar goals and objectives at home and abroad,<br>5) cooperation with the Archives of the Polish Academy of Sciences and other similar units,<br>6) editorial activities,<br>7) raising European funds,<br>8) developing projects for courses and training related to European issues.<\/p>","protected":false},"excerpt":{"rendered":"<p>Od 2004 r. Uniwersytet Ekonomiczny w Krakowie dzi\u0119ki staraniom prof. dr hab. Stanis\u0142awa Miklaszewskiego (1947-2011) jest posiadaczem archiwali\u00f3w Ruchu Europejskiego. Zbiory przekazano do Biblioteki, powo\u0142uj\u0105c przy dzia\u0142aj\u0105cym tam Centrum Dokumentacji Europejskiej O\u015brodek Bada\u0144 Europejskich im. J\u00f3zefa Retingera. Profesorowi powierzono funkcj\u0119 Pe\u0142nomocnika ds. tego o\u015brodka&#8221;.O\u015brodek Bada\u0144 Europejskich im. J\u00f3zefa Retingera powo\u0142any jest w celu prowadzenia bada\u0144 nad procesem integracji europejskiej oraz rozpowszechniania wiedzy w tym zakresie. Do zada\u0144 OBE nale\u017cy:1) badanie i propagowanie idei integracji europejskiej z punktu widzenia koncepcji politycznych, ekonomicznych i spo\u0142ecznych poprzez: a) badania naukowe,b) analiz\u0119 my\u015bli europejskiej (aspekty teoretyczne i praktyczne),c) analiz\u0119 przebiegu integracji europejskiej,d) organizowanie seminari\u00f3w i konferencji naukowych,e) pozyskiwanie dokumentacji archiwalnych i gromadzenie zbior\u00f3w,f) opracowywanie dokumentacji z zakresu problematyki europejskiej, 2) rozpowszechnianie wiedzy i informacji o celach, zadaniach i kierunkach rozwoju integracji europejskiej poprzez udost\u0119pnianie opracowanych zbior\u00f3w,3) badanie rozwoju gospodarczego kraj\u00f3w Europy \u015arodkowej i Wschodniej,4) wsp\u00f3\u0142praca z o\u015brodkami my\u015bli europejskiej oraz organizacjami o podobnych za\u0142o\u017ceniach&hellip;<\/p>\n<p> <a class=\"more-link\" href=\"https:\/\/obe.uek.krakow.pl\/en\/misja\/\">Read more<\/a><\/p>","protected":false},"author":1,"featured_media":0,"parent":0,"menu_order":0,"comment_status":"closed","ping_status":"closed","template":"","meta":{"footnotes":""},"class_list":["post-14","page","type-page","status-publish"],"_links":{"self":[{"href":"https:\/\/obe.uek.krakow.pl\/en\/wp-json\/wp\/v2\/pages\/14","targetHints":{"allow":["GET"]}}],"collection":[{"href":"https:\/\/obe.uek.krakow.pl\/en\/wp-json\/wp\/v2\/pages"}],"about":[{"href":"https:\/\/obe.uek.krakow.pl\/en\/wp-json\/wp\/v2\/types\/page"}],"author":[{"embeddable":true,"href":"https:\/\/obe.uek.krakow.pl\/en\/wp-json\/wp\/v2\/users\/1"}],"replies":[{"embeddable":true,"href":"https:\/\/obe.uek.krakow.pl\/en\/wp-json\/wp\/v2\/comments?post=14"}],"version-history":[{"count":0,"href":"https:\/\/obe.uek.krakow.pl\/en\/wp-json\/wp\/v2\/pages\/14\/revisions"}],"wp:attachment":[{"href":"https:\/\/obe.uek.krakow.pl\/en\/wp-json\/wp\/v2\/media?parent=14"}],"curies":[{"name":"wp","href":"https:\/\/api.w.org\/{rel}","templated":true}]}}