{"id":18,"date":"2023-10-31T13:48:14","date_gmt":"2023-10-31T13:48:14","guid":{"rendered":"https:\/\/obe.uek.krakow.pl\/?page_id=18"},"modified":"2023-10-31T14:33:36","modified_gmt":"2023-10-31T14:33:36","slug":"kontakt","status":"publish","type":"page","link":"https:\/\/obe.uek.krakow.pl\/en\/kontakt\/","title":{"rendered":"Contact"},"content":{"rendered":"<p>Those interested in working with OBE are welcome to contact us by email: obe@uek.krakow.pl <a href=\"mailto:obe@uek.krakow.pl\">O\u015brodek Bada\u0144 Europejskich<\/a><\/p>","protected":false},"excerpt":{"rendered":"<p>Osoby zainteresowane wsp\u00f3\u0142prac\u0105 z OBE zapraszamy do kontaktu mailowego: O\u015brodek Bada\u0144 Europejskich<\/p>","protected":false},"author":1,"featured_media":0,"parent":0,"menu_order":0,"comment_status":"closed","ping_status":"closed","template":"","meta":{"footnotes":""},"class_list":["post-18","page","type-page","status-publish"],"_links":{"self":[{"href":"https:\/\/obe.uek.krakow.pl\/en\/wp-json\/wp\/v2\/pages\/18","targetHints":{"allow":["GET"]}}],"collection":[{"href":"https:\/\/obe.uek.krakow.pl\/en\/wp-json\/wp\/v2\/pages"}],"about":[{"href":"https:\/\/obe.uek.krakow.pl\/en\/wp-json\/wp\/v2\/types\/page"}],"author":[{"embeddable":true,"href":"https:\/\/obe.uek.krakow.pl\/en\/wp-json\/wp\/v2\/users\/1"}],"replies":[{"embeddable":true,"href":"https:\/\/obe.uek.krakow.pl\/en\/wp-json\/wp\/v2\/comments?post=18"}],"version-history":[{"count":0,"href":"https:\/\/obe.uek.krakow.pl\/en\/wp-json\/wp\/v2\/pages\/18\/revisions"}],"wp:attachment":[{"href":"https:\/\/obe.uek.krakow.pl\/en\/wp-json\/wp\/v2\/media?parent=18"}],"curies":[{"name":"wp","href":"https:\/\/api.w.org\/{rel}","templated":true}]}}