{"id":2,"date":"2023-10-31T13:32:36","date_gmt":"2023-10-31T13:32:36","guid":{"rendered":"https:\/\/obe.uek.krakow.pl\/?page_id=2"},"modified":"2025-10-20T20:32:11","modified_gmt":"2025-10-20T20:32:11","slug":"sample-page","status":"publish","type":"page","link":"https:\/\/obe.uek.krakow.pl\/en\/","title":{"rendered":"J\u00f3zef Retinger European Research Center"},"content":{"rendered":"<div class=\"wp-block-columns is-layout-flex wp-container-core-columns-is-layout-9d6595d7 wp-block-columns-is-layout-flex\">\n<div class=\"wp-block-column is-layout-flow wp-block-column-is-layout-flow\">\n<p class=\"has-text-align-center\"><strong>Conferences<\/strong><\/p>\n\n\n\n<p>20 X 2025 Conference program<\/p>\n\n\n\n<p class=\"has-text-align-center has-small-font-size\"><a href=\"https:\/\/obe.uek.krakow.pl\/en\/konferencja\/\">https:\/\/obe.uek.krakow.pl\/konferencja\/<\/a><\/p>\n\n\n\n<p class=\"has-text-align-center has-small-font-size\"><strong>We invite you to register for the third edition of the hybrid international conference EUROPRENEUSHIP AND SUSTAINABILITY.<\/strong>details can be found at the link below.<\/p>\n\n\n\n<p class=\"has-text-align-center has-small-font-size\"><a href=\"https:\/\/obe.uek.krakow.pl\/en\/konferencja\/\">https:\/\/obe.uek.krakow.pl\/konferencja\/<\/a><\/p>\n\n\n\n<p>Registration <a href=\"https:\/\/forms.gle\/wNHqxcstAHV1Xo8u5\">https:\/\/forms.gle\/wNHqxcstAHV1Xo8u5<\/a><\/p>\n<\/div>\n\n\n\n<div class=\"wp-block-column is-layout-flow wp-block-column-is-layout-flow\">\n<p class=\"has-text-align-center\"><strong>Publications<\/strong><\/p>\n\n\n\n<p class=\"has-text-align-center has-small-font-size\">A new monograph in the EUropreneuship and Sustainability series is in the process of being published, with a planned release date this year.<\/p>\n\n\n\n<p class=\"has-text-align-center has-small-font-size\">Monography \u201eEUropreneuship &amp; Sustainability\u201d already available \u2013 <a href=\"https:\/\/www.researchgate.net\/publication\/383977793_EUROPRENEURSHIP_SUSTAINABILITY\">LINK<\/a>.<\/p>\n<\/div>\n\n\n\n<div class=\"wp-block-column is-layout-flow wp-block-column-is-layout-flow\">\n<p class=\"has-text-align-center\"><strong>Cooperation<\/strong><\/p>\n\n\n\n<p class=\"has-text-align-center has-small-font-size\">The Joseph Retinger Center for European Studies invites individuals and organizations interested in cooperation in joint ventures aimed at acquiring and disseminating knowledge and knowledge in the scope of widely understood EU-entrepreneurship.<\/p>\n<\/div>\n<\/div>\n\n\n\n<p><\/p>","protected":false},"excerpt":{"rendered":"<p>Konferencje 20 X 2025 Program konferencji https:\/\/obe.uek.krakow.pl\/konferencja\/ Zapraszamy do zapis\u00f3w na trzeci\u0105 ju\u017c edycj\u0119 konferencji mi\u0119dzynarodowej w formie hybrydowej EUROPRENEUSHIP AND SUSTAINABILITY, szczeg\u00f3\u0142y pod linkiem jak ni\u017cej https:\/\/obe.uek.krakow.pl\/konferencja\/ Rejestracja: https:\/\/forms.gle\/wNHqxcstAHV1Xo8u5 Publikacje Kolejna publikacja monografii z cyklu EUropreneuship and Sustainability w toku, planowany termin publikacji w tym roku Monografia &#8222;EUropreneuship &amp; Sustainability&#8221; ju\u017c dost\u0119pna &#8211; LINK. Wsp\u00f3\u0142praca O\u015brodek Bada\u0144 Europejskich im. J\u00f3zefa Retingera zaprasza do wsp\u00f3\u0142pracy jednostki i osoby zainteresowane wsp\u00f3\u0142prac\u0105 w zakresie wsp\u00f3lnych przedsi\u0119wzi\u0119\u0107 maj\u0105cych na celu zdobywanie i wiedzy i jej dyseminacj\u0119 z zakresu szeroko rozumianej EUroprzedsi\u0119biorczo\u015bci.<\/p>","protected":false},"author":1,"featured_media":0,"parent":0,"menu_order":0,"comment_status":"closed","ping_status":"open","template":"","meta":{"footnotes":""},"class_list":["post-2","page","type-page","status-publish"],"_links":{"self":[{"href":"https:\/\/obe.uek.krakow.pl\/en\/wp-json\/wp\/v2\/pages\/2","targetHints":{"allow":["GET"]}}],"collection":[{"href":"https:\/\/obe.uek.krakow.pl\/en\/wp-json\/wp\/v2\/pages"}],"about":[{"href":"https:\/\/obe.uek.krakow.pl\/en\/wp-json\/wp\/v2\/types\/page"}],"author":[{"embeddable":true,"href":"https:\/\/obe.uek.krakow.pl\/en\/wp-json\/wp\/v2\/users\/1"}],"replies":[{"embeddable":true,"href":"https:\/\/obe.uek.krakow.pl\/en\/wp-json\/wp\/v2\/comments?post=2"}],"version-history":[{"count":0,"href":"https:\/\/obe.uek.krakow.pl\/en\/wp-json\/wp\/v2\/pages\/2\/revisions"}],"wp:attachment":[{"href":"https:\/\/obe.uek.krakow.pl\/en\/wp-json\/wp\/v2\/media?parent=2"}],"curies":[{"name":"wp","href":"https:\/\/api.w.org\/{rel}","templated":true}]}}