{"id":20,"date":"2023-10-31T13:48:29","date_gmt":"2023-10-31T13:48:29","guid":{"rendered":"https:\/\/obe.uek.krakow.pl\/?page_id=20"},"modified":"2024-09-12T14:51:58","modified_gmt":"2024-09-12T14:51:58","slug":"publikacje","status":"publish","type":"page","link":"https:\/\/obe.uek.krakow.pl\/en\/publikacje\/","title":{"rendered":"Publications"},"content":{"rendered":"<p>OBE's activities include publishing in cooperation with domestic and foreign scientists.<\/p>\n\n\n\n<p><strong><em>EUROPRENEUSHIP &amp; SUSTAINABILITY<\/em><\/strong><\/p>\n\n\n\n<p><mark style=\"background-color:rgba(0, 0, 0, 0)\" class=\"has-inline-color has-vivid-red-color\">Monography \"EUROPRENEUSHIP &amp; SUSTAINABILITY\" is already available - LINK<\/mark> &#8211; <a href=\"https:\/\/www.researchgate.net\/publication\/383977793_EUROPRENEURSHIP_SUSTAINABILITY\" data-type=\"link\" data-id=\"https:\/\/www.researchgate.net\/publication\/383977793_EUROPRENEURSHIP_SUSTAINABILITY\">LINK<\/a><\/p>\n\n\n\n<p>Publications to date:<\/p>\n\n\n\n<p><strong><em>Management of Entrepreneurship in a Knowledge Based Economy<\/em> <a href=\"http:\/\/obe-old.uek.krakow.pl\/images\/MANAGEMENT_PERSPECTIVES.pdf\" target=\"_blank\" rel=\"noreferrer noopener\">(PDF, online)<\/a><\/strong><\/p>\n\n\n\n<figure class=\"wp-block-image\"><a href=\"http:\/\/obe-old.uek.krakow.pl\/images\/MANAGEMENT_PERSPECTIVES.pdf\" target=\"_blank\" rel=\"noreferrer noopener\"><img decoding=\"async\" src=\"http:\/\/obe-old.uek.krakow.pl\/images\/management_perspective_cover_2015.jpg\" alt=\"\"\/><\/a><\/figure>\n\n\n\n<p><strong><em>Entrepreneurship Management<\/em>, <a href=\"http:\/\/obe-old.uek.krakow.pl\/images\/ENTREPRENEURSHIP_PERSPECTIVES.pdf\" target=\"_blank\" rel=\"noreferrer noopener\">(PDF, online)<\/a><\/strong><\/p>\n\n\n\n<figure class=\"wp-block-image\"><a href=\"http:\/\/obe-old.uek.krakow.pl\/images\/ENTREPRENEURSHIP_PERSPECTIVES.pdf\" target=\"_blank\" rel=\"noreferrer noopener\"><img decoding=\"async\" src=\"http:\/\/obe-old.uek.krakow.pl\/images\/entrepreneurship_perspective_cover_2015.jpg\" alt=\"\"\/><\/a><\/figure>\n\n\n\n<p><\/p>","protected":false},"excerpt":{"rendered":"<p>OBE w ramach swojej dzia\u0142alno\u015bci prowadzi dzia\u0142alno\u015bci wydawnicz\u0105 we wsp\u00f3\u0142pracy z naukowcami krajowymi i zagranicznymi. EUROPRENEUSHIP &amp; SUSTAINABILITY Monografia naukowa 'EUROPRENEUSHIP &amp; SUSTAINABILITY&#8221; jest ju\u017c dost\u0119pna &#8211; LINK Dotychczasowe publikacje: Management of Entrepreneurship in a Knowledge Based Economy (PDF, online) Entrepreneurship Management, (PDF, online)<\/p>","protected":false},"author":1,"featured_media":0,"parent":0,"menu_order":0,"comment_status":"closed","ping_status":"closed","template":"","meta":{"footnotes":""},"class_list":["post-20","page","type-page","status-publish"],"_links":{"self":[{"href":"https:\/\/obe.uek.krakow.pl\/en\/wp-json\/wp\/v2\/pages\/20","targetHints":{"allow":["GET"]}}],"collection":[{"href":"https:\/\/obe.uek.krakow.pl\/en\/wp-json\/wp\/v2\/pages"}],"about":[{"href":"https:\/\/obe.uek.krakow.pl\/en\/wp-json\/wp\/v2\/types\/page"}],"author":[{"embeddable":true,"href":"https:\/\/obe.uek.krakow.pl\/en\/wp-json\/wp\/v2\/users\/1"}],"replies":[{"embeddable":true,"href":"https:\/\/obe.uek.krakow.pl\/en\/wp-json\/wp\/v2\/comments?post=20"}],"version-history":[{"count":0,"href":"https:\/\/obe.uek.krakow.pl\/en\/wp-json\/wp\/v2\/pages\/20\/revisions"}],"wp:attachment":[{"href":"https:\/\/obe.uek.krakow.pl\/en\/wp-json\/wp\/v2\/media?parent=20"}],"curies":[{"name":"wp","href":"https:\/\/api.w.org\/{rel}","templated":true}]}}