{"id":56,"date":"2023-11-02T11:47:54","date_gmt":"2023-11-02T11:47:54","guid":{"rendered":"https:\/\/obe.uek.krakow.pl\/?page_id=56"},"modified":"2025-10-20T20:14:56","modified_gmt":"2025-10-20T20:14:56","slug":"konferencja","status":"publish","type":"page","link":"https:\/\/obe.uek.krakow.pl\/en\/konferencja\/","title":{"rendered":"Conferences"},"content":{"rendered":"<p>20 X 2025 Conference program<\/p>\n\n\n\n<div data-wp-interactive=\"core\/file\" class=\"wp-block-file\"><object data-wp-bind--hidden=\"!state.hasPdfPreview\" hidden class=\"wp-block-file__embed\" data=\"https:\/\/obe.uek.krakow.pl\/wp-content\/uploads\/2025\/10\/conference-program-2.pdf\" type=\"application\/pdf\" style=\"width:100%;height:880px\" aria-label=\"Embed of conference program.\"><\/object><a id=\"wp-block-file--media-f2eae5aa-2197-43bd-b5e2-97751c9334c5\" href=\"https:\/\/obe.uek.krakow.pl\/wp-content\/uploads\/2025\/10\/conference-program-2.pdf\">conference program<\/a><a href=\"https:\/\/obe.uek.krakow.pl\/wp-content\/uploads\/2025\/10\/conference-program-2.pdf\" class=\"wp-block-file__button wp-element-button\" download aria-describedby=\"wp-block-file--media-f2eae5aa-2197-43bd-b5e2-97751c9334c5\">Download<\/a><\/div>\n\n\n\n<p>31 VII 2025<\/p>\n\n\n\n<p>We invite you to participate in the third edition of the EUROPRENEUSHIP &amp; SUSTAINABILITY international conference. Deadline for abstract submission: <strong>7th of October 2025<\/strong> (acceptance or rejection of abstracts on an ongoing basis), the date of the hybrid conference is <strong>23 October 2025<\/strong>As usual, the conference is aimed at young researchers: students, doctoral students, and employees starting their scientific careers.<\/p>\n\n\n\n<p>Abstracts should include the author's first name, last name, affiliation, and relate to the topics of entrepreneurship, sustainability, digitization. In addition to the title, the abstract should also include keywords (max. 5), the rationale for the work, its objectives, and the results of the research.<\/p>\n\n\n\n<p>Registration <a href=\"https:\/\/forms.gle\/wNHqxcstAHV1Xo8u5\">https:\/\/forms.gle\/wNHqxcstAHV1Xo8u5<\/a><\/p>\n\n\n\n<p>23 X 2024<\/p>\n\n\n\n<p>We invite you to submit scientific texts for the monograph EUROPRENEUSHIP &amp; SUSTAINABILITY. Deadline for submission of texts: March 30, 2025<\/p>\n\n\n\n<p>Below are the files with information on editorial requirements and the text template.<\/p>\n\n\n\n<div data-wp-interactive=\"core\/file\" class=\"wp-block-file\"><object data-wp-bind--hidden=\"!state.hasPdfPreview\" hidden class=\"wp-block-file__embed\" data=\"https:\/\/obe.uek.krakow.pl\/wp-content\/uploads\/2024\/10\/EUROPRENEURSHIP-2-CALL-FOR-CHAPTERS.pdf\" type=\"application\/pdf\" style=\"width:100%;height:600px\" aria-label=\"Embed of EUROPRENEURSHIP -2- CALL FOR CHAPTERS.\"><\/object><a id=\"wp-block-file--media-b376c4cf-02ca-4bd8-8a5f-2ef11662e1e7\" href=\"https:\/\/obe.uek.krakow.pl\/wp-content\/uploads\/2024\/10\/EUROPRENEURSHIP-2-CALL-FOR-CHAPTERS.pdf\">EUROPRENEURSHIP -2- CALL FOR CHAPTERS<\/a><a href=\"https:\/\/obe.uek.krakow.pl\/wp-content\/uploads\/2024\/10\/EUROPRENEURSHIP-2-CALL-FOR-CHAPTERS.pdf\" class=\"wp-block-file__button wp-element-button\" download aria-describedby=\"wp-block-file--media-b376c4cf-02ca-4bd8-8a5f-2ef11662e1e7\">Download<\/a><\/div>\n\n\n\n<div class=\"wp-block-file\"><a id=\"wp-block-file--media-bf88cee0-4df1-44d0-92d2-34fc5d499bb2\" href=\"https:\/\/obe.uek.krakow.pl\/wp-content\/uploads\/2024\/10\/TEMPLATE_simplified-2.docx\">TEMPLATE_simplified<\/a><a href=\"https:\/\/obe.uek.krakow.pl\/wp-content\/uploads\/2024\/10\/TEMPLATE_simplified-2.docx\" class=\"wp-block-file__button wp-element-button\" download aria-describedby=\"wp-block-file--media-bf88cee0-4df1-44d0-92d2-34fc5d499bb2\">Download<\/a><\/div>\n\n\n\n<p>21 X 2024<\/p>\n\n\n\n<p>Szanowni Pa\u0144stwo, certyfikaty z udzia\u0142u w konferencji zostan\u0105 po przygotowaniu graficznym przes\u0142ane do Pa\u0144stwa w formie plik\u00f3w pdf. Zgodnie z przekazanymi Pa\u0144stwu informacjami b\u0119d\u0105 dwa rodzaje certyfikat\u00f3w tj. z tzw. aktywnym uczestnictwem (osoby, kt\u00f3re wyg\u0142asza\u0142y referat) oraz standardowe certyfikaty uczestnictwa.<\/p>\n\n\n\n<div class=\"wp-block-columns is-layout-flex wp-container-core-columns-is-layout-9d6595d7 wp-block-columns-is-layout-flex\">\n<div class=\"wp-block-column is-layout-flow wp-block-column-is-layout-flow\">\n<p>Scientific Committee \/ Board of Reviewers<\/p>\n<\/div>\n\n\n\n<div class=\"wp-block-column is-layout-flow wp-block-column-is-layout-flow\">\n<p>dr Janusz Rosiek<\/p>\n\n\n\n<p>dr Tomasz Kusio<\/p>\n\n\n\n<p>dr Zofia Gr\u00f3dek-Szostak<\/p>\n\n\n\n<p>dr Joanna Ma\u0142ecka<\/p>\n\n\n\n<p>dr Alexandra Borges<\/p>\n\n\n\n<p>dr Iolanda Vieira<\/p>\n\n\n\n<p>dr Nino Adamashvilli<\/p>\n<\/div>\n<\/div>\n\n\n\n<p>We wanted to cordially thank you for attending the second EUROPRENEURSHIP &amp; SUSTAINABILITY international conference which took place both oline and onsite<\/p>\n\n\n\n<figure class=\"wp-block-image size-large\"><img loading=\"lazy\" decoding=\"async\" width=\"1024\" height=\"576\" src=\"https:\/\/obe.uek.krakow.pl\/wp-content\/uploads\/2024\/10\/EU_S_group-1024x576.jpg\" alt=\"\" class=\"wp-image-167\" srcset=\"https:\/\/obe.uek.krakow.pl\/wp-content\/uploads\/2024\/10\/EU_S_group-1024x576.jpg 1024w, https:\/\/obe.uek.krakow.pl\/wp-content\/uploads\/2024\/10\/EU_S_group-300x169.jpg 300w, https:\/\/obe.uek.krakow.pl\/wp-content\/uploads\/2024\/10\/EU_S_group-768x432.jpg 768w, https:\/\/obe.uek.krakow.pl\/wp-content\/uploads\/2024\/10\/EU_S_group-1536x864.jpg 1536w, https:\/\/obe.uek.krakow.pl\/wp-content\/uploads\/2024\/10\/EU_S_group-18x10.jpg 18w, https:\/\/obe.uek.krakow.pl\/wp-content\/uploads\/2024\/10\/EU_S_group.jpg 1600w\" sizes=\"auto, (max-width: 1024px) 100vw, 1024px\" \/><\/figure>\n\n\n\n<figure class=\"wp-block-image size-full is-resized\"><img loading=\"lazy\" decoding=\"async\" width=\"605\" height=\"340\" src=\"https:\/\/obe.uek.krakow.pl\/wp-content\/uploads\/2024\/10\/obraz.png\" alt=\"\" class=\"wp-image-161\" style=\"width:840px;height:auto\" srcset=\"https:\/\/obe.uek.krakow.pl\/wp-content\/uploads\/2024\/10\/obraz.png 605w, https:\/\/obe.uek.krakow.pl\/wp-content\/uploads\/2024\/10\/obraz-300x169.png 300w, https:\/\/obe.uek.krakow.pl\/wp-content\/uploads\/2024\/10\/obraz-18x10.png 18w\" sizes=\"auto, (max-width: 605px) 100vw, 605px\" \/><\/figure>\n\n\n\n<figure class=\"wp-block-image size-large\"><img loading=\"lazy\" decoding=\"async\" width=\"1024\" height=\"768\" src=\"https:\/\/obe.uek.krakow.pl\/wp-content\/uploads\/2024\/10\/EU_S_5-1024x768.jpg\" alt=\"\" class=\"wp-image-168\" srcset=\"https:\/\/obe.uek.krakow.pl\/wp-content\/uploads\/2024\/10\/EU_S_5-1024x768.jpg 1024w, https:\/\/obe.uek.krakow.pl\/wp-content\/uploads\/2024\/10\/EU_S_5-300x225.jpg 300w, https:\/\/obe.uek.krakow.pl\/wp-content\/uploads\/2024\/10\/EU_S_5-768x576.jpg 768w, https:\/\/obe.uek.krakow.pl\/wp-content\/uploads\/2024\/10\/EU_S_5-1536x1152.jpg 1536w, https:\/\/obe.uek.krakow.pl\/wp-content\/uploads\/2024\/10\/EU_S_5-16x12.jpg 16w, https:\/\/obe.uek.krakow.pl\/wp-content\/uploads\/2024\/10\/EU_S_5.jpg 2040w\" sizes=\"auto, (max-width: 1024px) 100vw, 1024px\" \/><\/figure>\n\n\n\n<figure class=\"wp-block-image size-full is-resized\"><img loading=\"lazy\" decoding=\"async\" width=\"605\" height=\"340\" src=\"https:\/\/obe.uek.krakow.pl\/wp-content\/uploads\/2024\/10\/obraz-1.png\" alt=\"\" class=\"wp-image-162\" style=\"width:840px;height:auto\" srcset=\"https:\/\/obe.uek.krakow.pl\/wp-content\/uploads\/2024\/10\/obraz-1.png 605w, https:\/\/obe.uek.krakow.pl\/wp-content\/uploads\/2024\/10\/obraz-1-300x169.png 300w, https:\/\/obe.uek.krakow.pl\/wp-content\/uploads\/2024\/10\/obraz-1-18x10.png 18w\" sizes=\"auto, (max-width: 605px) 100vw, 605px\" \/><\/figure>\n\n\n\n<figure class=\"wp-block-image size-large\"><img loading=\"lazy\" decoding=\"async\" width=\"1024\" height=\"768\" src=\"https:\/\/obe.uek.krakow.pl\/wp-content\/uploads\/2024\/10\/EU_S_6-1024x768.jpg\" alt=\"\" class=\"wp-image-169\" srcset=\"https:\/\/obe.uek.krakow.pl\/wp-content\/uploads\/2024\/10\/EU_S_6-1024x768.jpg 1024w, https:\/\/obe.uek.krakow.pl\/wp-content\/uploads\/2024\/10\/EU_S_6-300x225.jpg 300w, https:\/\/obe.uek.krakow.pl\/wp-content\/uploads\/2024\/10\/EU_S_6-768x576.jpg 768w, https:\/\/obe.uek.krakow.pl\/wp-content\/uploads\/2024\/10\/EU_S_6-1536x1152.jpg 1536w, https:\/\/obe.uek.krakow.pl\/wp-content\/uploads\/2024\/10\/EU_S_6-16x12.jpg 16w, https:\/\/obe.uek.krakow.pl\/wp-content\/uploads\/2024\/10\/EU_S_6.jpg 2040w\" sizes=\"auto, (max-width: 1024px) 100vw, 1024px\" \/><\/figure>\n\n\n\n<figure class=\"wp-block-image size-full is-resized\"><img loading=\"lazy\" decoding=\"async\" width=\"605\" height=\"340\" src=\"https:\/\/obe.uek.krakow.pl\/wp-content\/uploads\/2024\/10\/obraz-2.png\" alt=\"\" class=\"wp-image-164\" style=\"width:841px;height:auto\" srcset=\"https:\/\/obe.uek.krakow.pl\/wp-content\/uploads\/2024\/10\/obraz-2.png 605w, https:\/\/obe.uek.krakow.pl\/wp-content\/uploads\/2024\/10\/obraz-2-300x169.png 300w, https:\/\/obe.uek.krakow.pl\/wp-content\/uploads\/2024\/10\/obraz-2-18x10.png 18w\" sizes=\"auto, (max-width: 605px) 100vw, 605px\" \/><\/figure>\n\n\n\n<figure class=\"wp-block-gallery has-nested-images columns-default is-cropped wp-block-gallery-1 is-layout-flex wp-block-gallery-is-layout-flex\">\n<figure class=\"wp-block-image size-large\"><img loading=\"lazy\" decoding=\"async\" width=\"768\" height=\"1024\" data-id=\"171\" src=\"https:\/\/obe.uek.krakow.pl\/wp-content\/uploads\/2024\/10\/EU_S_3-768x1024.jpg\" alt=\"\" class=\"wp-image-171\" srcset=\"https:\/\/obe.uek.krakow.pl\/wp-content\/uploads\/2024\/10\/EU_S_3-768x1024.jpg 768w, https:\/\/obe.uek.krakow.pl\/wp-content\/uploads\/2024\/10\/EU_S_3-225x300.jpg 225w, https:\/\/obe.uek.krakow.pl\/wp-content\/uploads\/2024\/10\/EU_S_3-1152x1536.jpg 1152w, https:\/\/obe.uek.krakow.pl\/wp-content\/uploads\/2024\/10\/EU_S_3-9x12.jpg 9w, https:\/\/obe.uek.krakow.pl\/wp-content\/uploads\/2024\/10\/EU_S_3.jpg 1530w\" sizes=\"auto, (max-width: 768px) 100vw, 768px\" \/><\/figure>\n\n\n\n<figure class=\"wp-block-image size-large\"><img loading=\"lazy\" decoding=\"async\" width=\"768\" height=\"1024\" data-id=\"172\" src=\"https:\/\/obe.uek.krakow.pl\/wp-content\/uploads\/2024\/10\/EU_S_2-768x1024.jpg\" alt=\"\" class=\"wp-image-172\" srcset=\"https:\/\/obe.uek.krakow.pl\/wp-content\/uploads\/2024\/10\/EU_S_2-768x1024.jpg 768w, https:\/\/obe.uek.krakow.pl\/wp-content\/uploads\/2024\/10\/EU_S_2-225x300.jpg 225w, https:\/\/obe.uek.krakow.pl\/wp-content\/uploads\/2024\/10\/EU_S_2-1152x1536.jpg 1152w, https:\/\/obe.uek.krakow.pl\/wp-content\/uploads\/2024\/10\/EU_S_2-9x12.jpg 9w, https:\/\/obe.uek.krakow.pl\/wp-content\/uploads\/2024\/10\/EU_S_2.jpg 1530w\" sizes=\"auto, (max-width: 768px) 100vw, 768px\" \/><\/figure>\n<\/figure>\n\n\n\n<p>27 IX Conference Agenda - specific links to the online ZOOM streaming are available in the agenda content <\/p>\n\n\n\n<div data-wp-interactive=\"core\/file\" class=\"wp-block-file\"><object data-wp-bind--hidden=\"!state.hasPdfPreview\" hidden class=\"wp-block-file__embed\" data=\"https:\/\/obe.uek.krakow.pl\/wp-content\/uploads\/2024\/09\/EUROPRENEURSHIP_Agenda.pdf\" type=\"application\/pdf\" style=\"width:100%;height:600px\" aria-label=\"Embed of EUROPRENEURSHIP_Agenda.\"><\/object><a id=\"wp-block-file--media-a6e66cef-331f-4cfe-bfbb-58a2c1deef79\" href=\"https:\/\/obe.uek.krakow.pl\/wp-content\/uploads\/2024\/09\/EUROPRENEURSHIP_Agenda.pdf\">EUROPRENEURSHIP_Agenda<\/a><a href=\"https:\/\/obe.uek.krakow.pl\/wp-content\/uploads\/2024\/09\/EUROPRENEURSHIP_Agenda.pdf\" class=\"wp-block-file__button wp-element-button\" download aria-describedby=\"wp-block-file--media-a6e66cef-331f-4cfe-bfbb-58a2c1deef79\">Download<\/a><\/div>\n\n\n\n<p class=\"has-text-align-center\"><strong>2nd SCIENTIFIC CONFERENCE \"EUROPRENEURSHIP &amp; SUSTAINABILITY\" IN KRAKOW<\/strong><\/p>\n\n\n\n<p>Dear Sirs,<br>it is with great pleasure that we would like to invite you to participate in the conference: \"EU-entrepreneurship vs. contemporary challenges of balancing socio-economic development\", as part of the conference series: \"Euro-entrepreneurship vs. balancing socio-economic development\", which will be held on 30.09-01.10.2024 in a hybrid (stationary and remote) format. The conference is organized by the J. Retinger European Research Center, operating at the Cracow University of Economics, and the Institute for Research and Innovation in Education, based in Cz\u0119stochowa. The conference is organized under the initiative #KrakowskieKonferencjeNaukowe.<\/p>\n\n\n\n<p>The main objective of this year's conference proceedings will be to continue the extremely interesting deliberations that took place during last year's conference. In particular, we would like to discuss issues related to the following: (1) the impact of contemporary economic crises on the balancing of socio-economic development and the development of Euro-entrepreneurship in EU countries, (2) the role of artificial intelligence in stimulating sustainable development and entrepreneurship, (3) modern methods and instruments for supporting economic activity in the above-mentioned areas, (4) balancing production and consumption processes in EU countries, (5) positive and negative aspects of the New Green Deal of the EU, (6) supporting balancing development and Euro-entrepreneurship through eco-innovation activities, (7) balancing the development of the energy sector in EU countries, (8) challenges in the implementation of climate and environmental policies by EU countries.<\/p>\n\n\n\n<p>Additionally, this year's conference aims to promote the DigIN project, which includes: <em>Creating a digital education ecosystem <\/em>to increase the capacity and readiness of Adult Education Organizations (AEO) to effectively transition to digital education. <em>Operating transnationally and collaborating<\/em> to create a digitally inclusive environment for all citizens and generations.<\/p>\n\n\n\n<p>The above issues can be addressed at different levels of governance: EU, national\/national, regional and local.<\/p>\n\n\n\n<p>Of course, other topics related to the above will also be welcome. As with last year, the conference will result in the publication of a peer-reviewed monograph in open-access format. <em>open access<\/em>.<\/p>\n\n\n\n<p>You are cordially invited to register for free participation in the Conference by completing the registration form : <a href=\"https:\/\/forms.gle\/GqkeTy4g9KFrpWpA9\">https:\/\/forms.gle\/GqkeTy4g9KFrpWpA9<\/a>.<\/p>\n\n\n\n<p>If you have any questions or concerns, we remain at your disposal at this e-mail address (obe@uek.krakow.pl)<\/p>\n\n\n\n<figure class=\"wp-block-image size-full\"><a href=\"https:\/\/vimeo.com\/483511410\"><img loading=\"lazy\" decoding=\"async\" width=\"930\" height=\"350\" src=\"https:\/\/obe.uek.krakow.pl\/wp-content\/uploads\/2024\/09\/banner-na-www.jpg\" alt=\"\" class=\"wp-image-132\" srcset=\"https:\/\/obe.uek.krakow.pl\/wp-content\/uploads\/2024\/09\/banner-na-www.jpg 930w, https:\/\/obe.uek.krakow.pl\/wp-content\/uploads\/2024\/09\/banner-na-www-300x113.jpg 300w, https:\/\/obe.uek.krakow.pl\/wp-content\/uploads\/2024\/09\/banner-na-www-768x289.jpg 768w, https:\/\/obe.uek.krakow.pl\/wp-content\/uploads\/2024\/09\/banner-na-www-18x7.jpg 18w\" sizes=\"auto, (max-width: 930px) 100vw, 930px\" \/><\/a><\/figure>\n\n\n\n<p><\/p>\n\n\n\n<p>The conference formula is hybrid: online and onsite <em><mark style=\"background-color:rgba(0, 0, 0, 0)\" class=\"has-inline-color has-luminous-vivid-orange-color\">(KRAKOW)<\/mark><\/em><\/p>\n\n\n\n<div class=\"wp-block-group\"><div class=\"wp-block-group__inner-container is-layout-constrained wp-block-group-is-layout-constrained\">\n<p><mark style=\"background-color:rgba(0, 0, 0, 0)\" class=\"has-inline-color has-luminous-vivid-orange-color\">Krakow \u2013 due to its demographic, economic, social and scientific-cultural strength \u2013 ranks second in Poland among cities. It has unique values that are the basis of its economic development and an increase in the quality of life. It has high-quality human capital at its disposal. It is a city people consciously choose as a place to live, work, study, spend free time in a variety of ways. Sustainable development and the ability to meet specific challenges with the skillful use of own resources are the main priorities.<\/mark><\/p>\n\n\n\n<p><mark style=\"background-color:rgba(0, 0, 0, 0)\" class=\"has-inline-color has-luminous-vivid-orange-color\">The academic center, with its 650 year old University , is permanently connected with the city and builds an unrepeated resource of knowledge in a unique way. It is the key to competitiveness and innovation not only of Krakow, but also of the entire region. The intensively developing economy based on knowledge is a completely new process in the economic life of the City, which makes it part of the modern economies of the world.<\/mark><\/p>\n\n\n\n<p><mark style=\"background-color:rgba(0, 0, 0, 0)\" class=\"has-inline-color has-luminous-vivid-orange-color\">The overriding goal for Krakow is not only to be a modern city but also to be proud of its historical heritage. It aspires to be an open, rich, friendly and safe metropolis, vibrant with culture. Smart management and strengthening the sphere of modern services and the research and development sector are the foundations for the development of Krakow - a city where innovation and effective cooperation between science and business are the focus.<\/mark><\/p>\n\n\n\n<p><mark style=\"background-color:rgba(0, 0, 0, 0)\" class=\"has-inline-color has-luminous-vivid-orange-color\">We invite you to visit our website and learn about the possibilities offered by magical Krakow - rooted in tradition, sensitive to everyday life and open to development: www.dlabiznesu.krakow.pl <\/mark><em><strong><mark style=\"background-color:rgba(0, 0, 0, 0)\" class=\"has-inline-color has-vivid-red-color\">www.dlabiznesu.krakow.pl.<\/mark><\/strong><\/em><\/p>\n<\/div><\/div>\n\n\n\n<p class=\"has-text-align-center\"><em><strong>With warm greetings and an invitation to visit Krakow (#KrakowExperience 1.36 https:\/\/vimeo.com\/486373523\/64f83f10ef), on behalf of the Conference Organizing Committee<\/strong><\/em><\/p>\n\n\n\n<figure class=\"wp-block-image size-full is-resized\"><img loading=\"lazy\" decoding=\"async\" width=\"268\" height=\"188\" src=\"https:\/\/obe.uek.krakow.pl\/wp-content\/uploads\/2024\/09\/krakow1.jpg\" alt=\"\" class=\"wp-image-144\" style=\"width:390px;height:auto\" srcset=\"https:\/\/obe.uek.krakow.pl\/wp-content\/uploads\/2024\/09\/krakow1.jpg 268w, https:\/\/obe.uek.krakow.pl\/wp-content\/uploads\/2024\/09\/krakow1-18x12.jpg 18w\" sizes=\"auto, (max-width: 268px) 100vw, 268px\" \/><\/figure>\n\n\n\n<p><em>Fot. Piotr Krochmal<\/em><\/p>\n\n\n\n<figure class=\"wp-block-image size-full is-resized\"><img loading=\"lazy\" decoding=\"async\" width=\"267\" height=\"187\" src=\"https:\/\/obe.uek.krakow.pl\/wp-content\/uploads\/2024\/09\/krakow2.jpg\" alt=\"\" class=\"wp-image-145\" style=\"width:395px;height:auto\" srcset=\"https:\/\/obe.uek.krakow.pl\/wp-content\/uploads\/2024\/09\/krakow2.jpg 267w, https:\/\/obe.uek.krakow.pl\/wp-content\/uploads\/2024\/09\/krakow2-18x12.jpg 18w\" sizes=\"auto, (max-width: 267px) 100vw, 267px\" \/><\/figure>\n\n\n\n<p><em>Fot. Piotr Krochmal<\/em><\/p>\n\n\n\n<p><strong>Thematic sessions<\/strong><\/p>\n\n\n\n<p><strong>EUropreneurship<\/strong><\/p>\n\n\n\n<p>1. Opportunities, chances, threats and challenges for the development of green europreneurship during contemporary economic crises.<\/p>\n\n\n\n<p>2. Funding issues for green europreneurship at the EU\/country\/regional level.<\/p>\n\n\n\n<p>3. Europreneurship and international economic competitiveness of EU countries\/regions<\/p>\n\n\n\n<p><strong>Sustainability<\/strong><\/p>\n\n\n\n<p>1. The economic situation in Europe and the opportunities, chances, threats and challenges of balancing socio-economic development of EU countries\/regions.<\/p>\n\n\n\n<p>2. Financing problems of balancing socio-economic development of EU countries\/regions.<\/p>\n\n\n\n<p>3. Sustainable development and opportunities for improving the international economic competitiveness of EU countries\/regions.<\/p>\n\n\n\n<p><strong>Digital Education and Competencies<\/strong><\/p>\n\n\n\n<ol class=\"wp-block-list\">\n<li>1. Developing the competencies of educators and other adult education staff in the fields of digitalization and technology.<\/li>\n\n\n\n<li>2. Creating and enhancing a digital education ecosystem to support Adult Education Organizations (AEO) in effectively transitioning to digital education.<\/li>\n\n\n\n<li>3. International collaboration to create a digitally inclusive environment for all generations and citizens.<\/li>\n<\/ol>\n\n\n\n<p><\/p>\n\n\n\n<p><em><mark style=\"background-color:rgba(0, 0, 0, 0)\" class=\"has-inline-color has-vivid-red-color\">9 XII 2023. <\/mark><\/em><br>Certificates from the EUropreneurship &amp; Sustainability Conference (#1) will be sent to the conference participants. \"Active participants\" will also be provided with the certificates stating the title of the presentation.<\/p>\n\n\n\n<p><\/p>\n\n\n\n<p>Dear Sirs,<\/p>\n\n\n\n<p>We have the honor, and pleasure, to invite you to an international remote scientific conference organized by the J. Retinger Center for European Studies together with <a href=\"https:\/\/www.ipvc.pt\/\" data-type=\"link\" data-id=\"https:\/\/www.ipvc.pt\/\">Instituto Politecnico de Viana do Castelo<\/a> on the topic of Sustainability and Entrepreneurship. We hope that the conference proceedings will provide an excellent opportunity to attend the presentations provided by the authors of the international monograph with the same title. The conference will be held on the ZOOM platform on November 28, 2023 (Tuesday) from 10:00 am to 3:00 pm Warsaw time<mark style=\"background-color:rgba(0, 0, 0, 0)\" class=\"has-inline-color has-vivid-red-color\">(the zoomlink will be distributed among all registered participants<\/mark>). Below please find the conference agenda<\/p>\n\n\n\n<p><\/p>\n\n\n\n<p>10:00 &#8211; 10:30 <em>Conference opening <\/em><\/p>\n\n\n\n<p>10:30 &#8211; 12:00 <em>Session I: ENTREPRENEURSHIP<\/em><\/p>\n\n\n\n<p>12:00 \u2013 12:15 Discussion<\/p>\n\n\n\n<p>12:15 &#8211; 12:30 <em>Break<\/em><\/p>\n\n\n\n<p>12:30 &#8211; 14:00 <em>Session II: SUSTAINABILITY<\/em><\/p>\n\n\n\n<p>14:00 &#8211; 14:15 <em>Discussion<\/em><\/p>\n\n\n\n<p>14:15 &#8211; 14:30 <em>Summing up and closing the conference<\/em><\/p>\n\n\n\n<p><\/p>\n\n\n\n<p>We will be very pleased to host you at the conference. We also hope that its fruitful debates will highly contribute to the dissemination of knowledge in the field of entrepreneurship and balancing socio-economic development. Please apply via the posted <a href=\"https:\/\/forms.gle\/6t3f2eMpNsZkppeU6\" data-type=\"link\" data-id=\"https:\/\/forms.gle\/6t3f2eMpNsZkppeU6\"><mark style=\"background-color:rgba(0, 0, 0, 0)\" class=\"has-inline-color has-vivid-red-color\">here's the Google form<\/mark><\/a>, by no later than <mark style=\"background-color:rgba(0, 0, 0, 0)\" class=\"has-inline-color has-vivid-red-color\">November 22nd 2023<\/mark>. We hope that this year's conference will initiate a series of conferences organized periodically by the OBE team related to the broader issues of balancing socio-economic development and entrepreneurship.<\/p>\n\n\n\n<p>In looking forward to your submissions, we remain respectful,<\/p>\n\n\n\n<p>Conference Organizing Committee<\/p>\n\n\n\n<div class=\"wp-block-columns is-layout-flex wp-container-core-columns-is-layout-9d6595d7 wp-block-columns-is-layout-flex\">\n<div class=\"wp-block-column is-layout-flow wp-block-column-is-layout-flow\" style=\"flex-basis:66.66%\"><\/div>\n\n\n\n<div class=\"wp-block-column is-layout-flow wp-block-column-is-layout-flow\" style=\"flex-basis:33.33%\"><\/div>\n<\/div>","protected":false},"excerpt":{"rendered":"<p>20 X 2025 Program konferencji 31 VII 2025 Zapraszamy do udzia\u0142u w trzeciej edycji konferencji mi\u0119dzynarodowej EUROPRENEUSHIP &amp; SUSTAINABILITY. Termin nadsy\u0142ania abstrakt\u00f3w: 7 pa\u017adziernik 2025 (akceptacja b\u0105d\u017a odrzucenie abstrakt\u00f3w na bie\u017c\u0105co), termin konferencji w formule hybrydowej to 23 pa\u017adziernik 2025. Konferencja jak zwykle jest kierowana do m\u0142odych pracownik\u00f3w nauki: student\u00f3w, doktorant\u00f3w oraz pracownik\u00f3w rozpoczynaj\u0105cych karier\u0119 naukow\u0105 Abstrakty powinny zawiera\u0107 imi\u0119, nazwisko, afiliacj\u0119 oraz dotyczy\u0107 tematyki przedsi\u0119biorczo\u015bci, zr\u00f3wnowa\u017conego rozwoju oraz cyfryzacji. Prosimy aby poza tytu\u0142em w abstrakcie znalaz\u0142y si\u0119 r\u00f3wnie\u017c s\u0142owa kluczowe (max. 5), przes\u0142anki do stworzenia pracy, cele oraz uzyskane rezultaty pracy badawczej Link rejestracyjny: https:\/\/forms.gle\/wNHqxcstAHV1Xo8u5 23 X 2024 Zapraszamy do nadsy\u0142ania tekst\u00f3w naukowych do monografii EUROPRENEUSHIP &amp; SUSTAINABILITY. Termin nadsy\u0142ania tekst\u00f3w: 30 marzec 2025 Poni\u017cej znajduj\u0105 si\u0119 pliki z informacj\u0105 nt. wymaga\u0144 redakcyjnych (EN) oraz szablon tekstu. 21 X 2024 Szanowni Pa\u0144stwo, certyfikaty z udzia\u0142u w konferencji zostan\u0105 po przygotowaniu graficznym przes\u0142ane do Pa\u0144stwa w formie plik\u00f3w pdf. Zgodnie&hellip;<\/p>\n<p> <a class=\"more-link\" href=\"https:\/\/obe.uek.krakow.pl\/en\/konferencja\/\">Read more<\/a><\/p>","protected":false},"author":1,"featured_media":0,"parent":0,"menu_order":0,"comment_status":"closed","ping_status":"closed","template":"","meta":{"footnotes":""},"class_list":["post-56","page","type-page","status-publish"],"_links":{"self":[{"href":"https:\/\/obe.uek.krakow.pl\/en\/wp-json\/wp\/v2\/pages\/56","targetHints":{"allow":["GET"]}}],"collection":[{"href":"https:\/\/obe.uek.krakow.pl\/en\/wp-json\/wp\/v2\/pages"}],"about":[{"href":"https:\/\/obe.uek.krakow.pl\/en\/wp-json\/wp\/v2\/types\/page"}],"author":[{"embeddable":true,"href":"https:\/\/obe.uek.krakow.pl\/en\/wp-json\/wp\/v2\/users\/1"}],"replies":[{"embeddable":true,"href":"https:\/\/obe.uek.krakow.pl\/en\/wp-json\/wp\/v2\/comments?post=56"}],"version-history":[{"count":0,"href":"https:\/\/obe.uek.krakow.pl\/en\/wp-json\/wp\/v2\/pages\/56\/revisions"}],"wp:attachment":[{"href":"https:\/\/obe.uek.krakow.pl\/en\/wp-json\/wp\/v2\/media?parent=56"}],"curies":[{"name":"wp","href":"https:\/\/api.w.org\/{rel}","templated":true}]}}