{"id":78,"date":"2023-11-02T15:24:01","date_gmt":"2023-11-02T15:24:01","guid":{"rendered":"https:\/\/obe.uek.krakow.pl\/?page_id=78"},"modified":"2023-12-18T21:02:41","modified_gmt":"2023-12-18T21:02:41","slug":"projekty-2","status":"publish","type":"page","link":"https:\/\/obe.uek.krakow.pl\/en\/projekty-2\/","title":{"rendered":"Projects"},"content":{"rendered":"<p>REALIZED<\/p>\n\n\n\n<p><em><a href=\"http:\/\/obe-old.uek.krakow.pl\/index.php\/PL\/projekty-badawcze\/9-pl\/31-perspectives-experiences-entrepreneurial-spirit-challenge-in-school-education\">PERSPECTIVES \u2013 Experiences Entrepreneurial Spirit Challenge in School Education<\/a><\/em>, Project number 540455-LLP-1-2013-1-IT-COMENIUS-CMP<\/p>\n\n\n\n<p>The main goal of the project was to create European models for the education of primary and secondary school teachers to support the development of their skills. The assumption was also to develop a methodology for entrepreneurship education and the use of knowledge about entrepreneurship in many contexts, within the framework of teaching classes. The project was funded by the European Commission (COMENIUS program) and the Cracow University of Economics was one of its 9 partners. The project activities were carried out from October 2013 to September 2015, in eight EU member states: Italy, Greece, Austria, Portugal, Poland, Belgium, the Netherlands and Hungary.<\/p>\n\n\n\n<p><a href=\"http:\/\/obe-old.uek.krakow.pl\/index.php\/PL\/aktualnosci\/9-pl\/35-przedsiebiorcza-szkola-kolejny-etap-projektu-perspective-spotkanie-w-aveiro-portugalia\">Read more: Entrepreneurial school - the next phase of the Perspective project. Meeting in Aveiro, Portugal<\/a><\/p>","protected":false},"excerpt":{"rendered":"<p>ZREALIZOWANE PERSPECTIVES &#8211; Experiences Entrepreneurial Spirit Challenge in School Education, Project number 540455-LLP-1-2013-1-IT-COMENIUS-CMP G\u0142\u00f3wnym celem projektu by\u0142o stworzenie europejskich modeli edukacji nauczycieli szk\u00f3\u0142 podstawowych i ponadpodstawowych w celu wspierania rozwoju ich umiej\u0119tno\u015bci. Za\u0142o\u017ceniem by\u0142o tak\u017ce opracowanie metodologii kszta\u0142cenia w zakresie przedsi\u0119biorczo\u015bci i wykorzystania wiedzy na jej temat w wielu kontekstach, w ramach prowadzonych zaj\u0119\u0107 dydaktycznych. Projekt by\u0142 finansowany ze \u015brodk\u00f3w Komisji Europejskiej (program COMENIUS) a Uniwersytet Ekonomiczny w Krakowie by\u0142 jednym z jego 9 partner\u00f3w. Dzia\u0142ania w ramach projektu realizowano w okresie od pa\u017adziernika 2013 do wrze\u015bnia 2015, w o\u015bmiu pa\u0144stwach cz\u0142onkowskich UE: W\u0142oszech, Grecji, Austrii, Portugalii, Polsce, Belgii, Holandii i na W\u0119grzech. Czytaj wi\u0119cej: Przedsi\u0119biorcza szko\u0142a \u2013 kolejny etap projektu Perspective. Spotkanie w Aveiro, Portugalia<\/p>","protected":false},"author":1,"featured_media":0,"parent":0,"menu_order":0,"comment_status":"closed","ping_status":"closed","template":"","meta":{"footnotes":""},"class_list":["post-78","page","type-page","status-publish"],"_links":{"self":[{"href":"https:\/\/obe.uek.krakow.pl\/en\/wp-json\/wp\/v2\/pages\/78","targetHints":{"allow":["GET"]}}],"collection":[{"href":"https:\/\/obe.uek.krakow.pl\/en\/wp-json\/wp\/v2\/pages"}],"about":[{"href":"https:\/\/obe.uek.krakow.pl\/en\/wp-json\/wp\/v2\/types\/page"}],"author":[{"embeddable":true,"href":"https:\/\/obe.uek.krakow.pl\/en\/wp-json\/wp\/v2\/users\/1"}],"replies":[{"embeddable":true,"href":"https:\/\/obe.uek.krakow.pl\/en\/wp-json\/wp\/v2\/comments?post=78"}],"version-history":[{"count":0,"href":"https:\/\/obe.uek.krakow.pl\/en\/wp-json\/wp\/v2\/pages\/78\/revisions"}],"wp:attachment":[{"href":"https:\/\/obe.uek.krakow.pl\/en\/wp-json\/wp\/v2\/media?parent=78"}],"curies":[{"name":"wp","href":"https:\/\/api.w.org\/{rel}","templated":true}]}}